{"id":644,"date":"2025-11-27T08:51:32","date_gmt":"2025-11-27T08:51:32","guid":{"rendered":"https:\/\/heimkommen.online\/?page_id=644"},"modified":"2026-03-06T12:50:31","modified_gmt":"2026-03-06T12:50:31","slug":"anmeldung","status":"publish","type":"page","link":"https:\/\/heimkommen.online\/?page_id=644","title":{"rendered":"Anmeldung"},"content":{"rendered":"<\/p>\n<p><a href=\"https:\/\/heimkommen.online\" data-id-d=\"2\" data-dynamic-link=\"thrive_global_shortcode_url\" data-shortcode-id=\"6\" data-img-style=\"width: 100%;\"><img decoding=\"async\" src=\"https:\/\/heimkommen.online\/wp-content\/uploads\/2025\/11\/ChatGPT-Image-10.-Sept.-2025-10_57_49.png\" height=\"1024\" width=\"1024\" alt=\"\" style=\"width: 100%;\" loading=\"lazy\"><\/img><\/a><\/p>\n<p style=\"text-align: center;\">HEIMKOMMEN F\u00dcR IMMMER<\/p>\n<p style=\"text-align: center; color: rgb(219, 228, 235) !important; --tcb-applied-color: rgb(219, 228, 235) !important;\"><strong>Deine Anmeldung<\/strong><\/p>\n<p><!-- Begin Brevo Form --><!-- START - We recommend to place the below code in head tag of your website html  --><!--  END - We recommend to place the above code in head tag of your website html --><!-- START - We recommend to place the below code where you want the form in your website html  -->                                              <span>                          Deine Anmeldung konnte nicht gespeichert werden. Bitte versuche es erneut.                      <\/span>                                                          <span>                          Deine Anmeldung war erfolgreich.                      <\/span>                                                      <\/p>\n<p>Anmeldung<\/p>\n<p>Melde dich zum Starten der Wegbegleitung an<\/p>\n<p>                                                                                          Gib dein(e) VORNAME ein                                                                                                                          Passe diesen optionalen Hilfetext an, bevor du dein Formular ver\u00f6ffentlichen.                                                                                                        Gib dein(e) NACHNAME ein                                                                                                                          Passe diesen optionalen Hilfetext an, bevor du dein Formular ver\u00f6ffentlichen.                                                                                                        Gib deine E-Mail-Adresse ein, um dich anzumelden                                                                                                                          Gib bitte deine E-Mail-Adresse f\u00fcr die Anmeldung an, z. B. abc@xyz.com.                                                                                                                                    ANMELDEN                                                          <!-- END - We recommend to place the above code where you want the form in your website html  --><!-- START - We recommend to place the below code in footer or bottom of your website html  -->[tcb-script]  window.REQUIRED_CODE_ERROR_MESSAGE = &#8218;W\u00e4hle bitte einen L\u00e4ndervorwahl aus.&#8216;;  window.LOCALE = &#8218;de&#8216;;  window.EMAIL_INVALID_MESSAGE = window.SMS_INVALID_MESSAGE = &#8222;Die eingegebenen Informationen sind nicht g\u00fcltig. Bitte \u00fcberpr\u00fcfe das Feldformat und versuche es erneut.&#8220;;  window.REQUIRED_ERROR_MESSAGE = &#8222;Dieses Feld darf nicht leer sein. &#8222;;  window.GENERIC_INVALID_MESSAGE = &#8222;Die eingegebenen Informationen sind nicht g\u00fcltig. Bitte \u00fcberpr\u00fcfe das Feldformat und versuche es erneut.&#8220;;  window.translation = {    common: {      selectedList: &#8218;{quantity} Liste ausgew\u00e4hlt&#8216;,      selectedLists: &#8218;{quantity} Listen ausgew\u00e4hlt&#8216;,      selectedOption: &#8218;{quantity} ausgew\u00e4hlt&#8216;,      selectedOptions: &#8218;{quantity} ausgew\u00e4hlt&#8216;,    }  };  var AUTOHIDE = Boolean(0);[\/tcb-script][tcb-script defer=&#8220;&#8220; src=&#8220;https:\/\/sibforms.com\/forms\/end-form\/build\/main.js&#8220;][\/tcb-script]<!-- END - We recommend to place the above code in footer or bottom of your website html  --><!-- End Brevo Form --><a href=\"#\"><span><span>Instance 1<\/span><\/span><\/a><\/p>\n<p style=\"text-align: center; color: rgb(69, 195, 178) !important; --tcb-applied-color: rgb(69, 195, 178) !important;\"><strong>&nbsp;&gt; Dein lohnenswerter Beitrag &lt;<\/strong><\/p>\n<p style=\"text-align: center; color: rgb(69, 195, 178) !important; --tcb-applied-color: rgb(69, 195, 178) !important;\"><strong>f\u00fcr diese 9-monatige Wegbegleitung<\/strong><\/p>\n<p style=\"text-align: center; color: var(--tcb-skin-color-0) !important; --tcb-applied-color: var$(--tcb-skin-color-0) !important;\"><strong><span style=\"font-size: 27px !important;\">Bitte melde dich vorher an<\/span><\/strong><\/p>\n<p><a href=\"#\" style=\"\"><span style=\"\"><span style=\"\">Monthly<\/span><\/span><\/a><a href=\"https:\/\/buy.stripe.com\/4gM7sK7XQ91udGJgwR0Jq0q\" rel=\"\"><\/p>\n<h2 style=\"color: var(--tcb-skin-color-0) !important; --tcb-applied-color: var$(--tcb-skin-color-0) !important;\"><span style=\"--tcb-applied-color: var$(--tcb-skin-color-0) !important; font-size: 46px !important;\">CHF 270<\/span><span style=\"--tcb-applied-color: var$(--tcb-skin-color-0) !important;\"><\/span><\/h2>\n<p style=\"\">HIER GELANGST DU ZUR KASSE<\/p>\n<p><\/a><\/p>\n<p style=\"text-align: center;\"><strong>DU HAST EINE 30-T\u00c4GIGE WIDERRUF-FRIST<\/strong><\/p>\n<p style=\"text-align: center; color: var(--tcb-skin-color-28) !important; --tcb-applied-color: var$(--tcb-skin-color-28) !important;\"><strong>Falls dies der Fall ist, melde uns dies mit einer kurzen Mail&nbsp;<\/strong><\/p>\n<p><span><img decoding=\"async\" alt=\"\" data-id=\"855\" width=\"119\" data-init-width=\"640\" height=\"119\" data-init-height=\"640\" title=\"65604B8A-3B19-4FDF-92F7-0FA2C895E324\" src=\"https:\/\/heimkommen.online\/wp-content\/uploads\/2026\/03\/65604B8A-3B19-4FDF-92F7-0FA2C895E324.png\" data-width=\"119\" data-height=\"119\" style=\"aspect-ratio: auto 640 \/ 640;\" loading=\"lazy\"><\/span><\/p>\n<p style=\"text-align: center;\"><a href=\"https:\/\/heimkommen.online\/?page_id=256&amp;preview=true\" target=\"_blank\" style=\"outline: none;\"><span>JONAS ULMER &#8211;&nbsp;<\/span><\/a><span><a href=\"https:\/\/heimkommen.online\/?page_id=89&amp;preview=true\" target=\"_blank\" style=\"outline: none;\">IMPRESSUM &#8211;&nbsp;<\/a><a href=\"https:\/\/heimkommen.online\/?page_id=275\" rel=\"nofollow\" target=\"_blank\" style=\"outline: none;\">F&amp;A<\/a>&nbsp;&#8211;&nbsp;<a data-custom-shortcode=\"https:\/\/heimkommen.online\/?page_id=244\" data-shortcode-id=\"phone\" href=\"https:\/\/heimkommen.online\/?page_id=244\" style=\"outline: none;\">DATENSCHUTZ<\/a>&nbsp;&#8211;&nbsp;<a href=\"https:\/\/heimkommen.online\/?page_id=267\" target=\"_blank\" style=\"outline: none;\">HAFTUNGSAUSSCHLUSS<\/a> &#8211; <\/span><a href=\"https:\/\/heimkommen.online\/?page_id=314\" target=\"_blank\" style=\"outline: none;\"><span>AGB<\/span><\/a><\/p>\n<p style=\"text-align: center;\">Copyright&nbsp;<span data-attr-id=\"Y\" data-extra_key=\"Y\" data-option-inline=\"1\" data-shortcode=\"thrv_dynamic_data_date\" data-shortcode-name=\"Year (2029)\">2026<\/span>&nbsp;&#8211;&nbsp;<span data-attr-id=\"1\" data-attr-static-link=\"{&quot;className&quot;:&quot;tve-froala&quot;,&quot;class&quot;:&quot;tve-froala&quot;,&quot;href&quot;:&quot;https:\/\/optimal-leben.jetzt\/&quot;,&quot;target&quot;:&quot;_blank&quot;}\" data-extra_key=\"1\" data-option-inline=\"1\" data-shortcode=\"thrive_global_fields\" data-shortcode-name=\"[Company] Company Name\"><a href=\"https:\/\/heimkommen.online\/?page_id=256&amp;preview=true\" target=\"_blank\" style=\"outline: none;\">Jonas Ulmer Consulting<\/a><\/span> &#8211; all rights reserved<\/p>\n","protected":false},"excerpt":{"rendered":"<p>HEIMKOMMEN F\u00dcR IMMMER Deine Anmeldung Deine Anmeldung konnte nicht gespeichert werden. Bitte versuche es erneut. Deine Anmeldung war erfolgreich. Anmeldung Melde dich zum Starten der Wegbegleitung an Gib dein(e) VORNAME ein Passe diesen optionalen Hilfetext an, bevor du dein Formular ver\u00f6ffentlichen. Gib dein(e) NACHNAME ein Passe diesen optionalen Hilfetext an, bevor du dein Formular ver\u00f6ffentlichen. [&hellip;]<\/p>\n","protected":false},"author":1,"featured_media":0,"parent":0,"menu_order":0,"comment_status":"closed","ping_status":"closed","template":"","meta":{"footnotes":""},"class_list":["post-644","page","type-page","status-publish","hentry","post-wrapper","thrv_wrapper"],"_links":{"self":[{"href":"https:\/\/heimkommen.online\/index.php?rest_route=\/wp\/v2\/pages\/644","targetHints":{"allow":["GET"]}}],"collection":[{"href":"https:\/\/heimkommen.online\/index.php?rest_route=\/wp\/v2\/pages"}],"about":[{"href":"https:\/\/heimkommen.online\/index.php?rest_route=\/wp\/v2\/types\/page"}],"author":[{"embeddable":true,"href":"https:\/\/heimkommen.online\/index.php?rest_route=\/wp\/v2\/users\/1"}],"replies":[{"embeddable":true,"href":"https:\/\/heimkommen.online\/index.php?rest_route=%2Fwp%2Fv2%2Fcomments&post=644"}],"version-history":[{"count":40,"href":"https:\/\/heimkommen.online\/index.php?rest_route=\/wp\/v2\/pages\/644\/revisions"}],"predecessor-version":[{"id":872,"href":"https:\/\/heimkommen.online\/index.php?rest_route=\/wp\/v2\/pages\/644\/revisions\/872"}],"wp:attachment":[{"href":"https:\/\/heimkommen.online\/index.php?rest_route=%2Fwp%2Fv2%2Fmedia&parent=644"}],"curies":[{"name":"wp","href":"https:\/\/api.w.org\/{rel}","templated":true}]}}