{"id":413,"date":"2025-11-12T18:20:29","date_gmt":"2025-11-12T18:20:29","guid":{"rendered":"https:\/\/heimkommen.online\/?page_id=413"},"modified":"2026-04-17T09:07:22","modified_gmt":"2026-04-17T09:07:22","slug":"themen","status":"publish","type":"page","link":"https:\/\/heimkommen.online\/?page_id=413","title":{"rendered":"Themen"},"content":{"rendered":"<p><span><img decoding=\"async\" alt=\"\" data-id=\"122\" width=\"132\" data-init-width=\"1024\" height=\"132\" data-init-height=\"1024\" title=\"ChatGPT Image 10. Sept. 2025, 10_57_49\" src=\"https:\/\/heimkommen.online\/wp-content\/uploads\/2025\/11\/ChatGPT-Image-10.-Sept.-2025-10_57_49.png\" data-width=\"132\" data-height=\"132\" style=\"aspect-ratio: auto 1024 \/ 1024;\" loading=\"lazy\"><\/span><\/p>\n<p style=\"text-align: center;\"><\/p>\n<p style=\"text-align: center;\"><strong><span style=\"font-size: 30px !important;\">WEGWEISER &#8211; HEIMKOMMEN F\u00dcR IMMER<\/span><\/strong><\/p>\n<p style=\"text-align: center;\"><em><span style=\"font-size: 30px !important;\">Ein Prozess des Ankommens, Selbst-Findung und innerer Freiheit<\/span><\/em><\/p>\n<p style=\"text-align: center; color: rgb(47, 138, 228) !important; --tcb-applied-color: rgb(47, 138, 228) !important;\"><strong>Wegweiser 1: Die Sehnsucht nach Heimat<\/strong><\/p>\n<p style=\"text-align: center;\">Was bedeutet Heimat f\u00fcr dich?<\/p>\n<p style=\"text-align: center;\">Die verschiedenen Facetten von Heimat<\/p>\n<p style=\"text-align: center;\">Die Rolle von Erinnerungen<\/p>\n<p style=\"text-align: center;\"><strong>Wegweiser 2: Der Weg zur inneren Heimat<\/strong><\/p>\n<p style=\"text-align: center;\">Selbstreflexion als Schl\u00fcssel<\/p>\n<p style=\"text-align: center;\">Die Bedeutung von Achtsamkeit<\/p>\n<p style=\"text-align: center;\">Die Kraft der positiven Affirmationen<\/p>\n<p style=\"text-align: center;\"><strong>Wegweiser 3: Hindernisse auf dem Weg<\/strong><\/p>\n<p style=\"text-align: center;\"><span style=\"font-size: 18px !important; --tcb-applied-color: var$(--tcb-skin-color-5) !important; color: var(--tcb-skin-color-5) !important;\">\u00c4ngste und Zweifel \u00fcberwinden<\/span><\/p>\n<p style=\"text-align: center;\"><span style=\"color: var(--tcb-skin-color-5) !important;\"><span style=\"--tcb-applied-color: var$(--tcb-skin-color-5) !important;\"><span style=\"font-size: 18px !important;\">Die Falle der Komfortzone<\/span><\/span><\/span><\/p>\n<p style=\"text-align: center;\"><span style=\"font-size: 18px !important; --tcb-applied-color: var$(--tcb-skin-color-5) !important; color: var(--tcb-skin-color-5) !important;\">Der Einfluss von \u00e4u\u00dferen Erwartungen<\/span><\/p>\n<p style=\"text-align: center; color: rgb(47, 138, 228) !important; --tcb-applied-color: rgb(47, 138, 228) !important;\"><strong>Wegweiser &nbsp;4: Werkzeuge f\u00fcr die Reise<\/strong><\/p>\n<p style=\"text-align: center;\">Journaling f\u00fcr Klarheit<\/p>\n<p style=\"text-align: center;\">Meditationspraktiken f\u00fcr innere Ruhe<\/p>\n<p style=\"text-align: center;\">Meine Energien testen und harmonisieren<\/p>\n<p style=\"text-align: center;\"><strong>Wegweiser 5: Beziehungen und Heima<\/strong><strong>t<\/strong><\/p>\n<p style=\"text-align: center;\">Energie-Testen und Anwendungen<\/p>\n<p style=\"text-align: center;\">Innere Klarheit im Umgang mit Menschen<\/p>\n<p style=\"text-align: center;\">Liebe und Akzeptanz in zwischenmenschlichen Beziehungen<\/p>\n<p style=\"text-align: center; color: rgb(47, 138, 228) !important; --tcb-applied-color: rgb(47, 138, 228) !important;\"><strong>Wegweiser 6: Die Entdeckung deiner Werte<\/strong><\/p>\n<p style=\"text-align: center;\">Identifikation von pers\u00f6nlichen Werten<\/p>\n<p style=\"text-align: center;\">Werte und Entscheidungen im Alltag<\/p>\n<p style=\"text-align: center;\">Leben im Einklang mit deinen Werten<\/p>\n<p style=\"text-align: center;\"><strong>Wegweiser 7: Die Kraft der Dankbarkeit<\/strong><\/p>\n<p style=\"text-align: center;\">Dankbarkeit als t\u00e4gliche Praxis<\/p>\n<p style=\"text-align: center;\">Die Auswirkungen von Dankbarkeit auf das Wohlbefinden<\/p>\n<p style=\"text-align: center;\">Dankbarkeit in schwierigen Zeiten<\/p>\n<p style=\"text-align: center; color: rgb(47, 138, 228) !important; --tcb-applied-color: rgb(47, 138, 228) !important;\"><strong>Wegweiser 8: Visionen f\u00fcr die Zukunft<\/strong><\/p>\n<p style=\"text-align: center;\">Die Kraft der Visualisierung<\/p>\n<p style=\"text-align: center;\">Ziele setzen und erreichen<\/p>\n<p style=\"text-align: center;\">Dein pers\u00f6nlicher Aktionsplan<\/p>\n<p style=\"text-align: center; color: rgb(47, 138, 228) !important; --tcb-applied-color: rgb(47, 138, 228) !important;\"><strong>Wegweiser 9: Ankommen im Hier und Jetzt<\/strong><\/p>\n<p style=\"text-align: center;\">Die Bedeutung des gegenw\u00e4rtigen Moments<\/p>\n<p style=\"text-align: center;\">Praktiken zur F\u00f6rderung der Pr\u00e4senz<\/p>\n<p style=\"text-align: center;\">Freude finden im Alltag<\/p>\n<p style=\"text-align: center;\"><strong>Wegweiser 10: \u200bMeine Berufung entfalten<\/strong><\/p>\n<p style=\"text-align: center;\">\u200b\u200bWarum meine Berufung mein ganzes Leben ver\u00e4ndert&nbsp;<\/p>\n<p style=\"text-align: center;\">\u200bDie nat\u00fcrlichen Schritte zu meiner wahren Berufung<\/p>\n<p style=\"text-align: center;\">Die Freude und das Gl\u00fcck, meine Berufung \u200bzu verwirklichen<\/p>\n<p style=\"text-align: center;\"><strong> <strong><span>Wegweiser: 11 u. 12<\/span><\/strong><span><\/span><\/strong><\/p>\n<p style=\"text-align: center;\">Diese beinhalten die Kernfragen, Erfahrungen und Erkenntnisse der Teilnehmenden<\/p>\n<p style=\"\"><\/p>\n<h2 style=\"text-align: center;\"><strong>Wie funktioniert diese Wegbegleitung?<\/strong><\/h2>\n<p style=\"text-align: center;\">Dieser nat\u00fcrliche Prozess wird dich auf sanfte Weise leiten &#8211; in eine unbeschreiblich faszinierende Welt<\/p>\n<p>01<\/p>\n<p style=\"text-align: center;\">Du bekommst in 3 w\u00f6chigen Abst\u00e4nden je einer von<\/p>\n<p style=\"text-align: center;\"><strong>12 Wegweisern<\/strong> in Form einer inhaltsreichen PDF &#8211; und das <strong>w\u00e4hrend 9 Monate<\/strong><\/p>\n<p>02<\/p>\n<p style=\"text-align: center;\">Diese Wegweiser (Lektionen) werden dich <strong>inspirieren und motivieren<\/strong>, die Inhalte gut und gerne &nbsp;in deinen Alltag zu integrieren.<\/p>\n<p>03<\/p>\n<p style=\"text-align: center;\">Diese regelm\u00e4ssige Anwendung aktiviert in dir eine <strong>nat\u00fcrliche Lebensqualit\u00e4t und Vitalit\u00e4t<\/strong>, die du dir vorher wahrscheinlich kaum vorstellen konntest.<\/p>\n<h2 style=\"text-align: center; color: var(--tcb-skin-color-0) !important; --tcb-applied-color: var$(--tcb-skin-color-0) !important;\"><a href=\"https:\/\/heimkommen.online\/?page_id=644\" target=\"_blank\" style=\"outline: none;\">Hier gelangst du zur Anmeldung und den Teilnahme-Optionen<\/a><\/h2>\n<p style=\"text-align: center;\"><a href=\"https:\/\/heimkommen.online\/?page_id=256&amp;preview=true\" target=\"_blank\" style=\"outline: currentcolor;\"><span>JONAS ULMER &#8211;&nbsp;<\/span><\/a><span><a href=\"https:\/\/heimkommen.online\/?page_id=89&amp;preview=true\" target=\"_blank\" style=\"outline: none;\">IMPRESSUM &#8211;&nbsp;<\/a><a href=\"https:\/\/heimkommen.online\/?page_id=275\" rel=\"nofollow\" target=\"_blank\">F&amp;A<\/a>&nbsp;&#8211;&nbsp;<a data-custom-shortcode=\"https:\/\/heimkommen.online\/?page_id=244\" data-shortcode-id=\"phone\" href=\"https:\/\/heimkommen.online\/?page_id=244\" style=\"outline: currentcolor;\">DATENSCHUTZ<\/a>&nbsp;&#8211;&nbsp;<a href=\"https:\/\/heimkommen.online\/?page_id=267\" target=\"_blank\" style=\"outline: currentcolor;\">HAFTUNGSAUSSCHLUSS<\/a>&nbsp;&#8211;&nbsp;<\/span><a href=\"https:\/\/heimkommen.online\/?page_id=314\" target=\"_blank\"><span>AGB<\/span><\/a><\/p>\n<p style=\"text-align: center;\">Copyright&nbsp;<span data-attr-id=\"Y\" data-extra_key=\"Y\" data-option-inline=\"1\" data-shortcode=\"thrv_dynamic_data_date\" data-shortcode-name=\"Year (2029)\">2026<\/span>&nbsp;&#8211;&nbsp;<span data-attr-id=\"1\" data-attr-static-link=\"{&quot;className&quot;:&quot;tve-froala&quot;,&quot;class&quot;:&quot;tve-froala&quot;,&quot;href&quot;:&quot;https:\/\/optimal-leben.jetzt\/&quot;,&quot;target&quot;:&quot;_blank&quot;}\" data-extra_key=\"1\" data-option-inline=\"1\" data-shortcode=\"thrive_global_fields\" data-shortcode-name=\"[Company] Company Name\"><a href=\"https:\/\/heimkommen.online\/?page_id=256&amp;preview=true\" target=\"_blank\" style=\"outline: currentcolor;\">Jonas Ulmer Consulting<\/a><\/span> &#8211; all rights reserved<\/p>\n","protected":false},"excerpt":{"rendered":"<p>WEGWEISER &#8211; HEIMKOMMEN F\u00dcR IMMER Ein Prozess des Ankommens, Selbst-Findung und innerer Freiheit Wegweiser 1: Die Sehnsucht nach Heimat Was bedeutet Heimat f\u00fcr dich? Die verschiedenen Facetten von Heimat Die Rolle von Erinnerungen Wegweiser 2: Der Weg zur inneren Heimat Selbstreflexion als Schl\u00fcssel Die Bedeutung von Achtsamkeit Die Kraft der positiven Affirmationen Wegweiser 3: Hindernisse [&hellip;]<\/p>\n","protected":false},"author":1,"featured_media":0,"parent":0,"menu_order":0,"comment_status":"closed","ping_status":"closed","template":"","meta":{"footnotes":""},"class_list":["post-413","page","type-page","status-publish","hentry","post-wrapper","thrv_wrapper"],"_links":{"self":[{"href":"https:\/\/heimkommen.online\/index.php?rest_route=\/wp\/v2\/pages\/413","targetHints":{"allow":["GET"]}}],"collection":[{"href":"https:\/\/heimkommen.online\/index.php?rest_route=\/wp\/v2\/pages"}],"about":[{"href":"https:\/\/heimkommen.online\/index.php?rest_route=\/wp\/v2\/types\/page"}],"author":[{"embeddable":true,"href":"https:\/\/heimkommen.online\/index.php?rest_route=\/wp\/v2\/users\/1"}],"replies":[{"embeddable":true,"href":"https:\/\/heimkommen.online\/index.php?rest_route=%2Fwp%2Fv2%2Fcomments&post=413"}],"version-history":[{"count":58,"href":"https:\/\/heimkommen.online\/index.php?rest_route=\/wp\/v2\/pages\/413\/revisions"}],"predecessor-version":[{"id":874,"href":"https:\/\/heimkommen.online\/index.php?rest_route=\/wp\/v2\/pages\/413\/revisions\/874"}],"wp:attachment":[{"href":"https:\/\/heimkommen.online\/index.php?rest_route=%2Fwp%2Fv2%2Fmedia&parent=413"}],"curies":[{"name":"wp","href":"https:\/\/api.w.org\/{rel}","templated":true}]}}