{"id":314,"date":"2025-11-06T14:36:02","date_gmt":"2025-11-06T14:36:02","guid":{"rendered":"https:\/\/heimkommen.online\/?page_id=314"},"modified":"2025-11-06T14:49:23","modified_gmt":"2025-11-06T14:49:23","slug":"allgemeine-geschaeftsbedingungen-agb","status":"publish","type":"page","link":"https:\/\/heimkommen.online\/?page_id=314","title":{"rendered":"Allgemeine Gesch\u00e4ftsbedingungen AGB"},"content":{"rendered":"<p style=\"text-align: center;\"><strong>Allgemeine Gesch\u00e4ftsbedingungen<\/strong><\/p>\n<p>1. Haftungsbeschr\u00e4nkungDie Inhalte dieser Website werden mit gr\u00f6sstm\u00f6glicher Sorgfalt erstellt.&nbsp;<strong>Jonas Ulmer Consulting<\/strong>&nbsp; \u00fcbernimmt jedoch keine Gew\u00e4hr f\u00fcr die Richtigkeit, Vollst\u00e4ndigkeit und Aktualit\u00e4t der bereitgestellten Inhalte. Die Nutzung der Inhalte der Website und deren Angebote erfolgt auf eigene Verantwortung des Nutzers. Namentlich gekennzeichnete Beitr\u00e4ge geben die Meinung des jeweiligen Autors und nicht immer die Meinung der Firma wieder. Mit der reinen Nutzung der Website des Anbieters kommt keinerlei Vertragsverh\u00e4ltnis zwischen dem Nutzer und dem Anbieter zustande. &nbsp; &nbsp; &nbsp; &nbsp; &nbsp; &nbsp; &nbsp; &nbsp; &nbsp; &nbsp; &nbsp; &nbsp; &nbsp; &nbsp; &nbsp; &nbsp; &nbsp; &nbsp; &nbsp; &nbsp; &nbsp; &nbsp; &nbsp; &nbsp; &nbsp; &nbsp; &nbsp; &nbsp; &nbsp; &nbsp; &nbsp; &nbsp; &nbsp; &nbsp; &nbsp; &nbsp; &nbsp; &nbsp; &nbsp; &nbsp; &nbsp; &nbsp; &nbsp; &nbsp; &nbsp; &nbsp; &nbsp; &nbsp; &nbsp; &nbsp; &nbsp; &nbsp; &nbsp; &nbsp; &nbsp; &nbsp; &nbsp; &nbsp; &nbsp; &nbsp; &nbsp; &nbsp; &nbsp; &nbsp; &nbsp; &nbsp; &nbsp; &nbsp;2. HaftungsauschlussDie Nutzung der Inhalte der Website und deren Angebote erfolgt auf eigene Verantwortung des Nutzers. Der Anbieter des auf diesen Seiten vorgestellten Viedo-Kursprogrammes verspricht keine Heilung von Krankheiten oder anderer Leiden. Die Verwendung des Programmes &nbsp;ersetzt keine medizinischen oder psychologischen Behandlungen. Die Behandlung ernsthafter Krankheiten sollte immer von einem qualifizierten Arzt vorgenommen werden. Vor der Nutzung dieses Programmes sollte im Zweifelsfall ein Arzt konsultiert werden. Es wird au\u00dferdem dazu geraten, vor dem Gebrauch der angebotenen Produkte deren Anwendungsweise und m\u00f6glichen Nebenwirkungen auf der Frage &amp; Antworten-Seite zu studieren.Der Anbieter des Produkts ist weder Mediziner noch Psychologe noch in Heilberufen ausgebildeter Experte. Er schliesst deshalb jegliche Haftung, die sich aus dem Gebrauch der auf dieser Webseite beschriebenen Informationen und die sich aus der Nutzung des vorliegenden Programms ergeben, aus. Der Anbieter \u00fcbernimmt trotz sorgf\u00e4ltiger Recherche keine Garantie, weder stillschweigend noch ausdr\u00fccklich, f\u00fcr die schlussendliche Korrektheit, Aktualit\u00e4t, Qualit\u00e4t oder Vollst\u00e4ndigkeit der bereitgestellten Informationen und Themen.3. Externe LinksDiese Seiten enthalten Links auf externe Webseiten Dritter. Diese Websites unterliegen der Haftung der jeweiligen Betreiber. Jonas Ulmer Consulting hat bei der erstmaligen Verkn\u00fcpfung der externen Links die fremden Inhalte daraufhin \u00fcberpr\u00fcft, ob etwaige Rechtsverst\u00f6\u00dfe bestehen. Zu dem Zeitpunkt waren keine Rechtsverst\u00f6\u00dfe ersichtlich. Der Anbieter hat keinerlei Einfluss auf die aktuelle und zuk\u00fcnftige Gestaltung und auf die Inhalte der verkn\u00fcpften Seiten. Das Setzen von externen Links bedeutet nicht, dass sich der Anbieter die hinter dem Verweis oder Link liegenden Inhalte zu eigen macht. Eine st\u00e4ndige Kontrolle der externen Links ist f\u00fcr den Anbieter ohne konkrete Hinweise auf Rechtsverst\u00f6\u00dfe nicht zumutbar. Bei Kenntnis von Rechtsverst\u00f6\u00dfen werden jedoch derartige externe Links unverz\u00fcglich gel\u00f6scht.4. UrheberrechteDie auf dieser Website ver\u00f6ffentlichten Inhalte, Dokumente, Bilder, Filme oder andere Dateien sind urheberrechtlich gesch\u00fctzt und geh\u00f6ren ausschliesslich dem Anbieter oder den speziell genannten Rechteinhaber. Inhalte und Rechte Dritter sind dabei als solche gekennzeichnet. F\u00fcr die Reproduktion jeglicher Elemente ist die schriftliche Zustimmung der Urheberrechtstr\u00e4ger im Voraus einzuholen. Lediglich die Herstellung von Kopien und Downloads f\u00fcr den pers\u00f6nlichen, privaten und nicht kommerziellen Gebrauch ist erlaubt.Die Darstellung dieser Website in fremden Frames ist nur mit schriftlicher Erlaubnis zul\u00e4ssig.5. DatenschutzGest\u00fctzt auf Artikel 13 der schweizerischen Bundesverfassung und die datenschutzrechtlichen Bestimmungen des Bundes (Datenschutzgesetz, DSG) hat jede Person Anspruch auf Schutz ihrer Privatsph\u00e4re sowie auf Schutz vor Missbrauch ihrer pers\u00f6nlichen Daten. Wir halten diese Bestimmungen ein. Pers\u00f6nliche Daten werden streng vertraulich behandelt und weder an Dritte verkauft noch weiter gegeben.Durch den Besuch der Website des Anbieters k\u00f6nnen Informationen \u00fcber den Zugriff (Datum, Uhrzeit, betrachtete Seite) gespeichert werden. Diese Daten geh\u00f6ren nicht zu den personenbezogenen Daten, sondern sind anonymisiert. Sie werden ausschlie\u00dflich zu statistischen Zwecken ausgewertet. Eine Weitergabe an Dritte, zu kommerziellen oder nichtkommerziellen Zwecken, findet nicht statt.Voller-Erfolg weist ausdr\u00fccklich darauf hin, dass die Daten\u00fcbertragung im Internet (z.B. bei der Kommunikation per E-Mail) Sicherheitsl\u00fccken aufweisen und nicht l\u00fcckenlos vor dem Zugriff durch Dritte gesch\u00fctzt werden kann.Die Verwendung der Kontaktdaten des Impressums zur gewerblichen Werbung ist ausdr\u00fccklich nicht erw\u00fcnscht, es sei denn der Anbieter hatte zuvor seine schriftliche Einwilligung erteilt oder es besteht bereits eine Gesch\u00e4ftsbeziehung. Jonas Ulmer Consulting und alle auf dieser Website genannten Personen widersprechen hiermit jeder kommerziellen Verwendung und Weitergabe ihrer Daten.6. ProduktDas hier angebotenen Produkt umfasst den Zugang und die Nutzung s\u00e4mtlicher Videos. &nbsp;F\u00fcr den Zugang selbst ist der Kunde mittels Login verantwortlich. Eine Rechnung wird auf Wunsch und nur an gewerbliche Kunden, die einen entsprechenden Nachweis erbringen, ausgestellt, und per Email versandt.7. ZahlungHeimkommen nutzt den Service vom Zahlungsanbieter <a href=\"https:\/\/stripe.com\/de-ch?utm_campaign=579886117-EMEA_CH_de_Bing_Search_Brand_Stripe_EXA&amp;utm_medium=cpc&amp;utm_source=bing&amp;utm_content=79714800466127&amp;utm_term=kwd-79715195241263:loc-175&amp;utm_adposition=&amp;utm_device=c&amp;msclkid=1f7bd916f4781682895ab01a40ffb414\" target=\"_blank\">Stripe<\/a>.Je nach Wohnsitz und Bonit\u00e4t des Kunden sind folgende Zahlungsweisen m\u00f6glich:PaypalLastschrifteBank2Pay (Direkt\u00fcberweisung)Kreditkarte (VISA, Mastercard)Es besteht au\u00dferdem die M\u00f6glichkeit der Vorkasse. &nbsp;Alle Preise sind in EUR angegeben und verstehen sich als Endpreise. Die Preise k\u00f6nnen sich \u00e4ndern.8. &nbsp;WiderrufsbelehrungDer Kunde kann sein Abonnement gem\u00e4\u00df Angebotstext innerhalb von 60 Tagen ohne Angaben von Gr\u00fcnden widerrufen. Voraussetzung ist, dass der Kunde den Kaufbetrag nicht zur\u00fcckgebucht hat. Die Frist beginnt mit der Zahlung des gew\u00e4hlten Abonnement. Zur Wahrung der Frist gen\u00fcgt die rechtzeitige Absendung der Widerrufserkl\u00e4rung. Der Widerruf ist ausschlie\u00dflich zu richten an unseren Support.9. Inhalte des WebauftrittsDer Anbieter dieser Webseite beh\u00e4lt sich vor, einzelne Inhalte oder Teile der dieser Webseite ohne gesonderte Ank\u00fcndigung zu ver\u00e4ndern, zu erg\u00e4nzen oder zu l\u00f6schen, oder die Online-Ver\u00f6ffentlichung und den Zugang zeitweise auszusetzen oder ganz einzustellen. Alle Angebote sind freibleibend und unverbindlich.10. Nutzung von Facebook-PluginsDiese Website kann Plugins des Anbieters Facebook.com enthalten, welche durch das Unternehmen Facebook Inc., 1601 S. California Ave, Palo, Alto, CA 94304 in den USA bereitgestellt werden. Nutzer unserer Website, auf denen das Facebook-Plugin installiert ist, werden hiermit darauf hingewiesen, dass durch das Plugin eine Verbindung zu Facebook aufgebaut wird, wodurch eine \u00dcbermittlung an Ihren Browser durchgef\u00fchrt wird, damit das Plugin auf der Website erscheint.Des Weiteren werden durch die Nutzung Daten an die Facebook-Server weitergeleitet, welche Informationen \u00fcber Ihre Webseitenbesuche auf unserer Homepage enthalten. Dies hat f\u00fcr eingeloggte Facebook-Nutzer zur Folge, dass die Nutzungsdaten ihrem pers\u00f6nlichen Facebook-Account zugeordnet werden.Sobald Sie als eingeloggter Facebook-Nutzer aktiv das Facebook-Plugin nutzen (z.B. durch das Klicken auf den \u201eGef\u00e4llt mir\u201c Knopf oder die Nutzung der Kommentarfunktion), werden diese Daten zu Ihrem Facebook-Account \u00fcbertragen und ver\u00f6ffentlicht. Dies k\u00f6nnen Sie nur durch vorheriges Ausloggen aus Ihrem Facebook-Account umgehen.Weitere Information bez\u00fcglich der Datennutzung durch Facebook und Ihrer Rechte zum Schutz der Privatsph\u00e4re entnehmen Sie bitte den datenschutzrechtlichen Bestimmungen auf Facebook.11. Besondere NutzungsbedingungenSoweit spezielle Bedingungen f\u00fcr einzelne Nutzungen dieser Website von den vorgenannten Punkten abweichen, wird an entsprechender Stelle ausdr\u00fccklich darauf hingewiesen. In diesem Falle gelten im jeweiligen Einzelfall erg\u00e4nzend die besonderen Nutzungsbedingungen. Sollten einzelne Bestimmungen dieser Allgemeinen Gesch\u00e4ftsbedingungen ganz oder teilweise unwirksam sein, bleiben die \u00fcbrigen Bestimmungen weiterhin g\u00fcltig.&nbsp;<\/p>\n<p>Weggis, 1. Nov. 2025<\/p>\n","protected":false},"excerpt":{"rendered":"<p>Allgemeine Gesch\u00e4ftsbedingungen 1. Haftungsbeschr\u00e4nkungDie Inhalte dieser Website werden mit gr\u00f6sstm\u00f6glicher Sorgfalt erstellt.&nbsp;Jonas Ulmer Consulting&nbsp; \u00fcbernimmt jedoch keine Gew\u00e4hr f\u00fcr die Richtigkeit, Vollst\u00e4ndigkeit und Aktualit\u00e4t der bereitgestellten Inhalte. Die Nutzung der Inhalte der Website und deren Angebote erfolgt auf eigene Verantwortung des Nutzers. Namentlich gekennzeichnete Beitr\u00e4ge geben die Meinung des jeweiligen Autors und nicht immer die [&hellip;]<\/p>\n","protected":false},"author":1,"featured_media":0,"parent":0,"menu_order":0,"comment_status":"closed","ping_status":"closed","template":"","meta":{"footnotes":""},"class_list":["post-314","page","type-page","status-publish","hentry","post-wrapper","thrv_wrapper"],"_links":{"self":[{"href":"https:\/\/heimkommen.online\/index.php?rest_route=\/wp\/v2\/pages\/314","targetHints":{"allow":["GET"]}}],"collection":[{"href":"https:\/\/heimkommen.online\/index.php?rest_route=\/wp\/v2\/pages"}],"about":[{"href":"https:\/\/heimkommen.online\/index.php?rest_route=\/wp\/v2\/types\/page"}],"author":[{"embeddable":true,"href":"https:\/\/heimkommen.online\/index.php?rest_route=\/wp\/v2\/users\/1"}],"replies":[{"embeddable":true,"href":"https:\/\/heimkommen.online\/index.php?rest_route=%2Fwp%2Fv2%2Fcomments&post=314"}],"version-history":[{"count":7,"href":"https:\/\/heimkommen.online\/index.php?rest_route=\/wp\/v2\/pages\/314\/revisions"}],"predecessor-version":[{"id":323,"href":"https:\/\/heimkommen.online\/index.php?rest_route=\/wp\/v2\/pages\/314\/revisions\/323"}],"wp:attachment":[{"href":"https:\/\/heimkommen.online\/index.php?rest_route=%2Fwp%2Fv2%2Fmedia&parent=314"}],"curies":[{"name":"wp","href":"https:\/\/api.w.org\/{rel}","templated":true}]}}