{"id":275,"date":"2025-11-06T14:10:36","date_gmt":"2025-11-06T14:10:36","guid":{"rendered":"https:\/\/heimkommen.online\/?page_id=275"},"modified":"2025-11-27T14:48:29","modified_gmt":"2025-11-27T14:48:29","slug":"fragen-antworten","status":"publish","type":"page","link":"https:\/\/heimkommen.online\/?page_id=275","title":{"rendered":"Fragen &amp; Antworten"},"content":{"rendered":"<p><a href=\"https:\/\/heimkommen.online\" data-id-d=\"2\" data-dynamic-link=\"thrive_global_shortcode_url\" data-shortcode-id=\"6\" data-img-style=\"width: 100%;\"><img loading=\"lazy\" decoding=\"async\" src=\"https:\/\/heimkommen.online\/wp-content\/uploads\/2025\/11\/ChatGPT-Image-10.-Sept.-2025-10_57_49.png\" height=\"1024\" width=\"1024\" alt=\"\" style=\"width: 100%;\"><\/img><\/a><\/p>\n<p style=\"text-align: center;\">Fragen und Antworten<\/p>\n<h3>INHALT<\/h3>\n<p>In den&nbsp;<strong>Themen dieses Online-Kurses<\/strong> findest du jene Schl\u00fcssel-Faktoren, die f\u00fcr die Aktivierung der Schritte auf dem Weg, um sicher heimzukommen, &nbsp;wichtig und entscheidend sind.<\/p>\n<p>Dabei werden grundlegende Erl\u00e4uterungen und vor allem auch&nbsp;<strong>praktische Schritte<\/strong>&nbsp;vermittelt, die du schon von Anfang an in deinem t\u00e4glichen Leben anwenden, pr\u00fcfen und vertiefen kannst.<\/p>\n<h3>WEGBEGLEITUNG<\/h3>\n<p>Dieser Online-Prozess umfasst regelm\u00e4ssige Wegweiser (Audios und PDF&#8217;s).<\/p>\n<p>Diese Wegweiser erh\u00e4lst du in regelm\u00e4ssigen Abst\u00e4nden.<\/p>\n<p>Damit hast du gen\u00fcgend Zeit, die&nbsp;<strong>wertvollen und inspirierenden &nbsp;Inhalte&nbsp;<\/strong>eingehend zu studieren und im Alltag erfolgreich anzuwenden.<\/p>\n<h3>BIST DU BEREIT ?<\/h3>\n<p>Diese Wegbegleitung ist f\u00fcr Dich geeignet, wenn du dir zuk\u00fcnftig &nbsp;zuverl\u00e4ssige Schritte w\u00fcnschst, um endlich heimzukommen, wo du herkommst und hingeh\u00f6rst.<\/p>\n<p>Denn damit ersparst du dir zuk\u00fcnftig&nbsp;<strong>unz\u00e4hlige Fehlentscheidungen<\/strong>&nbsp;und unn\u00f6tige R\u00fcckschl\u00e4ge &#8211; sowie &nbsp;viele Probleme &nbsp;und ihre oft unabsehbaren Folgen.<\/p>\n<h3>DEINE INVESTITION<\/h3>\n<p>Die allermeisten Menschen hoffen, in ihrem Leben die besten Entscheidungen zu treffen &#8211; doch erfahrungsgem\u00e4ss m\u00fcssen sie sich mit&nbsp;<strong>Trial &amp; Error<\/strong>&nbsp;begn\u00fcgen, was das Leben vielfach unsicher, beschwerlich und leidvoll macht &#8211; h\u00e4ufig mit &nbsp;Entt\u00e4uschungen, Misserfolgen und R\u00fcckschl\u00e4gen begleitet.<\/p>\n<p>Doch mit den Erkenntnissen und Empfehlungen dieser Wegbegleitung kannst du dein Leben auf einer <strong>neuen, erfolgsversprechenden Grundlage<\/strong> weiterf\u00fchren.<\/p>\n<p>Damit fairerweise alle interessierten Personen &#8211; unabh\u00e4ngig von ihrem Einkommen &#8211; teilnehmen k\u00f6nnen, kostet diese wertvolle Wegbegleitung <strong>keinen festen Betrag<\/strong> &#8211; sondern du entscheidest f\u00fcr deinen Beitrag.&nbsp;<\/p>\n<p><a href=\"https:\/\/heimkommen.online\/?page_id=627#\" target=\"_blank\" style=\"outline: none;\">Siehe dazu die <strong>Preis\u00fcbersicht.<\/strong>&nbsp;Den<strong>&nbsp;<\/strong>Link dazu findest du <strong>hier.<\/strong><\/a><\/p>\n<p>Du kannst dieses Programm auch jederzeit k\u00fcndigen.<\/p>\n","protected":false},"excerpt":{"rendered":"<p>Fragen und Antworten INHALT In den&nbsp;Themen dieses Online-Kurses findest du jene Schl\u00fcssel-Faktoren, die f\u00fcr die Aktivierung der Schritte auf dem Weg, um sicher heimzukommen, &nbsp;wichtig und entscheidend sind. Dabei werden grundlegende Erl\u00e4uterungen und vor allem auch&nbsp;praktische Schritte&nbsp;vermittelt, die du schon von Anfang an in deinem t\u00e4glichen Leben anwenden, pr\u00fcfen und vertiefen kannst. WEGBEGLEITUNG Dieser Online-Prozess [&hellip;]<\/p>\n","protected":false},"author":1,"featured_media":0,"parent":0,"menu_order":0,"comment_status":"closed","ping_status":"closed","template":"","meta":{"footnotes":""},"class_list":["post-275","page","type-page","status-publish","hentry","post-wrapper","thrv_wrapper"],"_links":{"self":[{"href":"https:\/\/heimkommen.online\/index.php?rest_route=\/wp\/v2\/pages\/275","targetHints":{"allow":["GET"]}}],"collection":[{"href":"https:\/\/heimkommen.online\/index.php?rest_route=\/wp\/v2\/pages"}],"about":[{"href":"https:\/\/heimkommen.online\/index.php?rest_route=\/wp\/v2\/types\/page"}],"author":[{"embeddable":true,"href":"https:\/\/heimkommen.online\/index.php?rest_route=\/wp\/v2\/users\/1"}],"replies":[{"embeddable":true,"href":"https:\/\/heimkommen.online\/index.php?rest_route=%2Fwp%2Fv2%2Fcomments&post=275"}],"version-history":[{"count":16,"href":"https:\/\/heimkommen.online\/index.php?rest_route=\/wp\/v2\/pages\/275\/revisions"}],"predecessor-version":[{"id":663,"href":"https:\/\/heimkommen.online\/index.php?rest_route=\/wp\/v2\/pages\/275\/revisions\/663"}],"wp:attachment":[{"href":"https:\/\/heimkommen.online\/index.php?rest_route=%2Fwp%2Fv2%2Fmedia&parent=275"}],"curies":[{"name":"wp","href":"https:\/\/api.w.org\/{rel}","templated":true}]}}